{"id":149,"date":"2023-09-04T17:25:15","date_gmt":"2023-09-04T15:25:15","guid":{"rendered":"https:\/\/cgcoddi.org\/?page_id=149"},"modified":"2023-09-14T13:35:45","modified_gmt":"2023-09-14T11:35:45","slug":"politica-de-cookies","status":"publish","type":"page","link":"https:\/\/cgcoddi.org\/index.php\/politica-de-cookies\/","title":{"rendered":"Pol\u00edtica de cookies"},"content":{"rendered":"\t\t<div data-elementor-type=\"wp-page\" data-elementor-id=\"149\" class=\"elementor elementor-149\">\n\t\t\t\t\t\t<section class=\"elementor-section elementor-top-section elementor-element elementor-element-92c72c1 elementor-section-full_width elementor-section-height-default elementor-section-height-default\" data-id=\"92c72c1\" data-element_type=\"section\">\n\t\t\t\t\t\t<div class=\"elementor-container elementor-column-gap-default\">\n\t\t\t\t\t<div class=\"elementor-column elementor-col-100 elementor-top-column elementor-element elementor-element-b0de83f\" data-id=\"b0de83f\" data-element_type=\"column\">\n\t\t\t<div class=\"elementor-widget-wrap elementor-element-populated\">\n\t\t\t\t\t\t<div class=\"elementor-element elementor-element-6b083e9 elementor-widget elementor-widget-heading\" data-id=\"6b083e9\" data-element_type=\"widget\" data-widget_type=\"heading.default\">\n\t\t\t\t<div class=\"elementor-widget-container\">\n\t\t\t\t\t<h1 class=\"elementor-heading-title elementor-size-default\">Pol\u00edtica de cookies<\/h1>\t\t\t\t<\/div>\n\t\t\t\t<\/div>\n\t\t\t\t\t<\/div>\n\t\t<\/div>\n\t\t\t\t\t<\/div>\n\t\t<\/section>\n\t\t\t\t<section class=\"elementor-section elementor-top-section elementor-element elementor-element-44d4c08 elementor-section-full_width elementor-section-height-default elementor-section-height-default\" data-id=\"44d4c08\" data-element_type=\"section\">\n\t\t\t\t\t\t<div class=\"elementor-container elementor-column-gap-default\">\n\t\t\t\t\t<div class=\"elementor-column elementor-col-100 elementor-top-column elementor-element elementor-element-c461abe\" data-id=\"c461abe\" data-element_type=\"column\">\n\t\t\t<div class=\"elementor-widget-wrap elementor-element-populated\">\n\t\t\t\t\t\t<section class=\"elementor-section elementor-inner-section elementor-element elementor-element-5496f1a elementor-section-full_width elementor-section-height-default elementor-section-height-default\" data-id=\"5496f1a\" data-element_type=\"section\">\n\t\t\t\t\t\t<div class=\"elementor-container elementor-column-gap-default\">\n\t\t\t\t\t<div class=\"elementor-column elementor-col-50 elementor-inner-column elementor-element elementor-element-1fb4a91\" data-id=\"1fb4a91\" data-element_type=\"column\">\n\t\t\t<div class=\"elementor-widget-wrap\">\n\t\t\t\t\t\t\t<\/div>\n\t\t<\/div>\n\t\t\t\t<div class=\"elementor-column elementor-col-50 elementor-inner-column elementor-element elementor-element-8305019\" data-id=\"8305019\" data-element_type=\"column\">\n\t\t\t<div class=\"elementor-widget-wrap elementor-element-populated\">\n\t\t\t\t\t\t<div class=\"elementor-element elementor-element-e2d1bcf elementor-widget elementor-widget-text-editor\" data-id=\"e2d1bcf\" data-element_type=\"widget\" data-widget_type=\"text-editor.default\">\n\t\t\t\t<div class=\"elementor-widget-container\">\n\t\t\t\t\t\t\t\t\t<div class=\"page\" title=\"Page 15\"><div class=\"layoutArea\"><div class=\"column\"><p><strong>INFORMACIO\u0301N SOBRE COOKIES<\/strong><\/p><p>Las cookies y otras tecnologi\u0301as similares tales como local shared objects, flashcookies o pi\u0301xeles, son herramientas empleadas por los servidores Web para almacenar y recuperar informacio\u0301n acerca de sus visitantes, asi\u0301 como para ofrecer un correcto funcionamiento del sitio.<\/p><p>\u00a0<\/p><p>Mediante el uso de estos dispositivos se permite al servidor Web recordar algunos datos concernientes al usuario, como sus preferencias para la visualizacio\u0301n de las pa\u0301ginas de ese servidor, nombre y contrasen\u0303a, productos que ma\u0301s le interesan, etc.<\/p><p>\u00a0<\/p><p><b>COOKIES AFECTADAS POR LA NORMATIVA Y COOKIES EXCEPTUADAS<\/b><\/p><p>Conforme con la Ley 34\/2002, de 11 de julio, de servicios de la sociedad de la informacio\u0301n y de comercio electro\u0301nico (LSSI), en relacio\u0301n con el Reglamento (UE) 2016\/679 del Parlamento Europeo y del Consejo, de 27 de abril de 2016, General de Proteccio\u0301n de Datos (GDPR) y la Ley Orga\u0301nica 3\/2018, de 5 de diciembre, de Proteccio\u0301n de Datos y Garanti\u0301a de los Derechos Digitales (LOPDGDD), es obligado obtener el consentimiento expreso del usuario de todas las pa\u0301ginas web que usan cookies prescindibles, antes de que este navegue por ellas.<\/p><p>\u00a0<\/p><p>Segu\u0301n la directiva de la UE, las cookies que requieren el consentimiento informado por parte del usuario son las cookies de anali\u0301tica y las de publicidad y afiliacio\u0301n, quedando exceptuadas las de cara\u0301cter te\u0301cnico y las necesarias para el funcionamiento del sitio web o la prestacio\u0301n de servicios expresamente solicitados por el usuario.<\/p><p>\u00a0<\/p><p><b>TIPOS DE COOKIES <\/b><b>SEGU\u0301N LA FINALIDAD<\/b><\/p><p><strong>Cookies te\u0301cnicas y funcionales:<\/strong><br \/>Son aquellas que permiten al usuario la navegacio\u0301n a trave\u0301s de una pa\u0301gina web, plataforma o aplicacio\u0301n y la utilizacio\u0301n de las diferentes opciones o servicios que en ella existan.<\/p><p>\u00a0<\/p><p><strong>Cookies anali\u0301ticas:<\/strong><br \/>Son aquellas que permiten al responsable de las mismas el seguimiento y ana\u0301lisis del comportamiento de los usuarios de los sitios web a los que esta\u0301n vinculadas. La informacio\u0301n recogida mediante este tipo de cookies se utiliza en la medicio\u0301n de la actividad de los sitios web, aplicacio\u0301n o plataforma y para la elaboracio\u0301n de perfiles de navegacio\u0301n de los usuarios de dichos sitios, aplicaciones y plataformas, con el fin de introducir mejoras en funcio\u0301n del ana\u0301lisis de los datos de uso que hacen los usuarios del servicio.<\/p><p>\u00a0<\/p><p><strong>Cookies publicitarias:<\/strong><br \/>Son aquellas que permiten la gestio\u0301n, de la forma ma\u0301s eficaz posible, de los espacios publicitarios que, en su caso, el editor haya incluido en una pa\u0301gina web, aplicacio\u0301n o plataforma desde la que presta el servicio solicitado en base a criterios como el contenido editado o la frecuencia en la que se muestran los anuncios.<\/p><p>\u00a0<\/p><p><strong>Cookies de publicidad comportamental:<\/strong><br \/>Recogen informacio\u0301n sobre las preferencias y elecciones personales del usuario (retargeting) para permitir la gestio\u0301n, de la forma ma\u0301s eficaz posible, de los espacios publicitarios que, en su caso, el editor haya incluido en una pa\u0301gina web, aplicacio\u0301n o plataforma desde la que presta el servicio solicitado.<\/p><p>\u00a0<\/p><p><b>SEGU\u0301N LA PROPIEDAD<\/b><\/p><p><strong>Cookies propias:<\/strong><br \/>Son aquellas que se envi\u0301an al equipo terminal del usuario desde un equipo o dominio gestionado por el propio editor y desde el que se presta el servicio solicitado por el usuario.<\/p><p>\u00a0<\/p><p><strong>Cookies de terceros:<\/strong><br \/>Son aquellas que se envi\u0301an al equipo terminal del usuario desde un equipo o dominio que no es gestionado p<span style=\"font-style: inherit; font-weight: inherit; color: var( --e-global-color-astglobalcolor1 ); background-color: var(--ast-global-color-2);\">or el editor, sino por otra entidad que trata los datos obtenidos trave\u0301s de las cookies.<\/span><\/p><p><span style=\"font-style: inherit; font-weight: inherit; color: var( --e-global-color-astglobalcolor1 ); background-color: var(--ast-global-color-2);\">\u00a0<\/span><\/p><\/div><div class=\"page\" title=\"Page 16\"><div class=\"layoutArea\"><div class=\"column\"><p><b>SEGU\u0301N EL PLAZO DE CONSERVACIO\u0301N<\/b><\/p><p><strong>Cookies de sesio\u0301n:<\/strong><br \/>Son un tipo de cookies disen\u0303adas para recabar y almacenar datos mientras el usuario accede a una pa\u0301gina web.<\/p><p>\u00a0<\/p><p><strong>Cookies persistentes:<\/strong><br \/>Son un tipo de cookies en el que los datos siguen almacenados en el terminal y pueden ser accedidos y tratados durante un peri\u0301odo definido por el responsable de la cookie, y que puede ir de unos minutos a varios an\u0303os.<\/p><p>\u00a0<\/p><p><b>TRATAMIENTO DE DATOS PERSONALES<\/b><\/p><p>Consejo General de Colegios Oficiales de Decoradores y Disen\u0303adores de Interior es el Responsable del tratamiento de los datos personales del Interesado y le informa de que estos datos sera\u0301n tratados de conformidad con lo dispuesto en el Reglamento (UE) 2016\/679, de 27 de abril de 2016 (GDPR), por lo que se le facilita la siguiente informacio\u0301n del tratamiento:<\/p><p><strong>Fines del tratamiento:<\/strong><br \/>Segu\u0301n se especifica en el apartado de cookies que se utilizan en este sitio web.<\/p><p>\u00a0<\/p><p><strong>Legitimacio\u0301n del tratamiento:<\/strong><br \/>Por consentimiento del interesado (art. 6.1 GDPR).<\/p><p>\u00a0<\/p><p><strong>Criterios de conservacio\u0301n de los datos:<\/strong><br \/>Segu\u0301n se especifica en el apartado de cookies utilizadas en la web.<\/p><p>\u00a0<\/p><p><strong>Comunicacio\u0301n de los datos:<\/strong><br \/>No se comunicara\u0301n los datos a terceros, excepto en cookies propiedad de terceros o por obligacio\u0301n legal.<\/p><p>\u00a0<\/p><p><strong>Derechos que asisten al Interesado:<\/strong><\/p><p>&#8211; Derecho a retirar el consentimiento en cualquier momento.<\/p><p>&#8211; Derecho de acceso, rectificacio\u0301n, portabilidad y supresio\u0301n de sus datos y a la limitacio\u0301n u oposicio\u0301n a su tratamiento.<\/p><p>&#8211; Derecho a presentar una reclamacio\u0301n ante la Autoridad de control (www.aepd.es) si considera que el tratamiento no se ajusta a la normativa vigente.<\/p><p>\u00a0<\/p><p><strong>Datos de contacto para ejercer sus derechos:<br \/><\/strong>Consejo General de Colegios Oficiales de Decoradores y Disen\u0303adores de Interior. C\/ Bidebarrieta, 14 1o Ofic 9 &#8211; 48005 Bilbao (Bizkaia).<br \/>E-mail: secretariageneral@cgcoddi.org<\/p><p>\u00a0<\/p><p><strong>Datos de contacto del delegado de proteccio\u0301n de datos:<\/strong><br \/>Arancha de Nemesio Lamar, C Bidebarrieta Kalea 14 Oficina 9 48005 Bilbao, Vizcaya.<br \/>E-mail: secretariageneral@cgcoddi.org<\/p><\/div><\/div><\/div><\/div><\/div>\t\t\t\t\t\t\t\t<\/div>\n\t\t\t\t<\/div>\n\t\t\t\t\t<\/div>\n\t\t<\/div>\n\t\t\t\t\t<\/div>\n\t\t<\/section>\n\t\t\t\t\t<\/div>\n\t\t<\/div>\n\t\t\t\t\t<\/div>\n\t\t<\/section>\n\t\t\t\t<\/div>\n\t\t","protected":false},"excerpt":{"rendered":"<p>Pol\u00edtica de cookies INFORMACIO\u0301N SOBRE COOKIES Las cookies y otras tecnologi\u0301as similares tales como local shared objects, flashcookies o pi\u0301xeles, son herramientas empleadas por los servidores Web para almacenar y recuperar informacio\u0301n acerca de sus visitantes, asi\u0301 como para ofrecer un correcto funcionamiento del sitio. \u00a0 Mediante el uso de estos dispositivos se permite al [&hellip;]<\/p>\n","protected":false},"author":1,"featured_media":0,"parent":0,"menu_order":8,"comment_status":"closed","ping_status":"closed","template":"","meta":{"site-sidebar-layout":"no-sidebar","site-content-layout":"","ast-site-content-layout":"full-width-container","site-content-style":"default","site-sidebar-style":"default","ast-global-header-display":"","ast-banner-title-visibility":"","ast-main-header-display":"","ast-hfb-above-header-display":"","ast-hfb-below-header-display":"","ast-hfb-mobile-header-display":"","site-post-title":"disabled","ast-breadcrumbs-content":"","ast-featured-img":"disabled","footer-sml-layout":"","ast-disable-related-posts":"","theme-transparent-header-meta":"","adv-header-id-meta":"","stick-header-meta":"","header-above-stick-meta":"","header-main-stick-meta":"","header-below-stick-meta":"","astra-migrate-meta-layouts":"","ast-page-background-enabled":"default","ast-page-background-meta":{"desktop":{"background-color":"var(--ast-global-color-4)","background-image":"","background-repeat":"repeat","background-position":"center center","background-size":"auto","background-attachment":"scroll","background-type":"","background-media":"","overlay-type":"","overlay-color":"","overlay-opacity":"","overlay-gradient":""},"tablet":{"background-color":"","background-image":"","background-repeat":"repeat","background-position":"center center","background-size":"auto","background-attachment":"scroll","background-type":"","background-media":"","overlay-type":"","overlay-color":"","overlay-opacity":"","overlay-gradient":""},"mobile":{"background-color":"","background-image":"","background-repeat":"repeat","background-position":"center center","background-size":"auto","background-attachment":"scroll","background-type":"","background-media":"","overlay-type":"","overlay-color":"","overlay-opacity":"","overlay-gradient":""}},"ast-content-background-meta":{"desktop":{"background-color":"var(--ast-global-color-5)","background-image":"","background-repeat":"repeat","background-position":"center center","background-size":"auto","background-attachment":"scroll","background-type":"","background-media":"","overlay-type":"","overlay-color":"","overlay-opacity":"","overlay-gradient":""},"tablet":{"background-color":"var(--ast-global-color-5)","background-image":"","background-repeat":"repeat","background-position":"center center","background-size":"auto","background-attachment":"scroll","background-type":"","background-media":"","overlay-type":"","overlay-color":"","overlay-opacity":"","overlay-gradient":""},"mobile":{"background-color":"var(--ast-global-color-5)","background-image":"","background-repeat":"repeat","background-position":"center center","background-size":"auto","background-attachment":"scroll","background-type":"","background-media":"","overlay-type":"","overlay-color":"","overlay-opacity":"","overlay-gradient":""}},"_vp_format_video_url":"","_vp_image_focal_point":[],"footnotes":""},"class_list":["post-149","page","type-page","status-publish","hentry"],"yoast_head":"<!-- This site is optimized with the Yoast SEO plugin v27.4 - https:\/\/yoast.com\/product\/yoast-seo-wordpress\/ -->\n<title>Pol\u00edtica de cookies - CGCODDI Consejo General Colegios Oficiales Decoradores y Dise\u00f1adores Interior<\/title>\n<meta name=\"robots\" content=\"index, follow, max-snippet:-1, max-image-preview:large, max-video-preview:-1\" \/>\n<link rel=\"canonical\" href=\"https:\/\/cgcoddi.org\/index.php\/politica-de-cookies\/\" \/>\n<meta property=\"og:locale\" content=\"es_ES\" \/>\n<meta property=\"og:type\" content=\"article\" \/>\n<meta property=\"og:title\" content=\"Pol\u00edtica de cookies - CGCODDI Consejo General Colegios Oficiales Decoradores y Dise\u00f1adores Interior\" \/>\n<meta property=\"og:description\" content=\"Pol\u00edtica de cookies INFORMACIO\u0301N SOBRE COOKIES Las cookies y otras tecnologi\u0301as similares tales como local shared objects, flashcookies o pi\u0301xeles, son herramientas empleadas por los servidores Web para almacenar y recuperar informacio\u0301n acerca de sus visitantes, asi\u0301 como para ofrecer un correcto funcionamiento del sitio. \u00a0 Mediante el uso de estos dispositivos se permite al [&hellip;]\" \/>\n<meta property=\"og:url\" content=\"https:\/\/cgcoddi.org\/index.php\/politica-de-cookies\/\" \/>\n<meta property=\"og:site_name\" content=\"CGCODDI Consejo General Colegios Oficiales Decoradores y Dise\u00f1adores Interior\" \/>\n<meta property=\"article:modified_time\" content=\"2023-09-14T11:35:45+00:00\" \/>\n<meta name=\"twitter:card\" content=\"summary_large_image\" \/>\n<meta name=\"twitter:label1\" content=\"Tiempo de lectura\" \/>\n\t<meta name=\"twitter:data1\" content=\"4 minutos\" \/>\n<script type=\"application\/ld+json\" class=\"yoast-schema-graph\">{\"@context\":\"https:\\\/\\\/schema.org\",\"@graph\":[{\"@type\":\"WebPage\",\"@id\":\"https:\\\/\\\/cgcoddi.org\\\/index.php\\\/politica-de-cookies\\\/\",\"url\":\"https:\\\/\\\/cgcoddi.org\\\/index.php\\\/politica-de-cookies\\\/\",\"name\":\"Pol\u00edtica de cookies - CGCODDI Consejo General Colegios Oficiales Decoradores y Dise\u00f1adores Interior\",\"isPartOf\":{\"@id\":\"https:\\\/\\\/cgcoddi.org\\\/#website\"},\"datePublished\":\"2023-09-04T15:25:15+00:00\",\"dateModified\":\"2023-09-14T11:35:45+00:00\",\"breadcrumb\":{\"@id\":\"https:\\\/\\\/cgcoddi.org\\\/index.php\\\/politica-de-cookies\\\/#breadcrumb\"},\"inLanguage\":\"es\",\"potentialAction\":[{\"@type\":\"ReadAction\",\"target\":[\"https:\\\/\\\/cgcoddi.org\\\/index.php\\\/politica-de-cookies\\\/\"]}]},{\"@type\":\"BreadcrumbList\",\"@id\":\"https:\\\/\\\/cgcoddi.org\\\/index.php\\\/politica-de-cookies\\\/#breadcrumb\",\"itemListElement\":[{\"@type\":\"ListItem\",\"position\":1,\"name\":\"Portada\",\"item\":\"https:\\\/\\\/cgcoddi.org\\\/\"},{\"@type\":\"ListItem\",\"position\":2,\"name\":\"Pol\u00edtica de cookies\"}]},{\"@type\":\"WebSite\",\"@id\":\"https:\\\/\\\/cgcoddi.org\\\/#website\",\"url\":\"https:\\\/\\\/cgcoddi.org\\\/\",\"name\":\"CGCODDI Consejo General Colegios Oficiales Decoradores y Dise\u00f1adores Interior\",\"description\":\"\",\"publisher\":{\"@id\":\"https:\\\/\\\/cgcoddi.org\\\/#organization\"},\"potentialAction\":[{\"@type\":\"SearchAction\",\"target\":{\"@type\":\"EntryPoint\",\"urlTemplate\":\"https:\\\/\\\/cgcoddi.org\\\/?s={search_term_string}\"},\"query-input\":{\"@type\":\"PropertyValueSpecification\",\"valueRequired\":true,\"valueName\":\"search_term_string\"}}],\"inLanguage\":\"es\"},{\"@type\":\"Organization\",\"@id\":\"https:\\\/\\\/cgcoddi.org\\\/#organization\",\"name\":\"CGCODDI Consejo General Colegios Oficiales Decoradores y Dise\u00f1adores Interior\",\"url\":\"https:\\\/\\\/cgcoddi.org\\\/\",\"logo\":{\"@type\":\"ImageObject\",\"inLanguage\":\"es\",\"@id\":\"https:\\\/\\\/cgcoddi.org\\\/#\\\/schema\\\/logo\\\/image\\\/\",\"url\":\"https:\\\/\\\/cgcoddi.org\\\/wp-content\\\/uploads\\\/2023\\\/09\\\/cropped-Consejo_Marca-1.png\",\"contentUrl\":\"https:\\\/\\\/cgcoddi.org\\\/wp-content\\\/uploads\\\/2023\\\/09\\\/cropped-Consejo_Marca-1.png\",\"width\":2005,\"height\":464,\"caption\":\"CGCODDI Consejo General Colegios Oficiales Decoradores y Dise\u00f1adores Interior\"},\"image\":{\"@id\":\"https:\\\/\\\/cgcoddi.org\\\/#\\\/schema\\\/logo\\\/image\\\/\"}}]}<\/script>\n<!-- \/ Yoast SEO plugin. -->","yoast_head_json":{"title":"Pol\u00edtica de cookies - CGCODDI Consejo General Colegios Oficiales Decoradores y Dise\u00f1adores Interior","robots":{"index":"index","follow":"follow","max-snippet":"max-snippet:-1","max-image-preview":"max-image-preview:large","max-video-preview":"max-video-preview:-1"},"canonical":"https:\/\/cgcoddi.org\/index.php\/politica-de-cookies\/","og_locale":"es_ES","og_type":"article","og_title":"Pol\u00edtica de cookies - CGCODDI Consejo General Colegios Oficiales Decoradores y Dise\u00f1adores Interior","og_description":"Pol\u00edtica de cookies INFORMACIO\u0301N SOBRE COOKIES Las cookies y otras tecnologi\u0301as similares tales como local shared objects, flashcookies o pi\u0301xeles, son herramientas empleadas por los servidores Web para almacenar y recuperar informacio\u0301n acerca de sus visitantes, asi\u0301 como para ofrecer un correcto funcionamiento del sitio. \u00a0 Mediante el uso de estos dispositivos se permite al [&hellip;]","og_url":"https:\/\/cgcoddi.org\/index.php\/politica-de-cookies\/","og_site_name":"CGCODDI Consejo General Colegios Oficiales Decoradores y Dise\u00f1adores Interior","article_modified_time":"2023-09-14T11:35:45+00:00","twitter_card":"summary_large_image","twitter_misc":{"Tiempo de lectura":"4 minutos"},"schema":{"@context":"https:\/\/schema.org","@graph":[{"@type":"WebPage","@id":"https:\/\/cgcoddi.org\/index.php\/politica-de-cookies\/","url":"https:\/\/cgcoddi.org\/index.php\/politica-de-cookies\/","name":"Pol\u00edtica de cookies - CGCODDI Consejo General Colegios Oficiales Decoradores y Dise\u00f1adores Interior","isPartOf":{"@id":"https:\/\/cgcoddi.org\/#website"},"datePublished":"2023-09-04T15:25:15+00:00","dateModified":"2023-09-14T11:35:45+00:00","breadcrumb":{"@id":"https:\/\/cgcoddi.org\/index.php\/politica-de-cookies\/#breadcrumb"},"inLanguage":"es","potentialAction":[{"@type":"ReadAction","target":["https:\/\/cgcoddi.org\/index.php\/politica-de-cookies\/"]}]},{"@type":"BreadcrumbList","@id":"https:\/\/cgcoddi.org\/index.php\/politica-de-cookies\/#breadcrumb","itemListElement":[{"@type":"ListItem","position":1,"name":"Portada","item":"https:\/\/cgcoddi.org\/"},{"@type":"ListItem","position":2,"name":"Pol\u00edtica de cookies"}]},{"@type":"WebSite","@id":"https:\/\/cgcoddi.org\/#website","url":"https:\/\/cgcoddi.org\/","name":"CGCODDI Consejo General Colegios Oficiales Decoradores y Dise\u00f1adores Interior","description":"","publisher":{"@id":"https:\/\/cgcoddi.org\/#organization"},"potentialAction":[{"@type":"SearchAction","target":{"@type":"EntryPoint","urlTemplate":"https:\/\/cgcoddi.org\/?s={search_term_string}"},"query-input":{"@type":"PropertyValueSpecification","valueRequired":true,"valueName":"search_term_string"}}],"inLanguage":"es"},{"@type":"Organization","@id":"https:\/\/cgcoddi.org\/#organization","name":"CGCODDI Consejo General Colegios Oficiales Decoradores y Dise\u00f1adores Interior","url":"https:\/\/cgcoddi.org\/","logo":{"@type":"ImageObject","inLanguage":"es","@id":"https:\/\/cgcoddi.org\/#\/schema\/logo\/image\/","url":"https:\/\/cgcoddi.org\/wp-content\/uploads\/2023\/09\/cropped-Consejo_Marca-1.png","contentUrl":"https:\/\/cgcoddi.org\/wp-content\/uploads\/2023\/09\/cropped-Consejo_Marca-1.png","width":2005,"height":464,"caption":"CGCODDI Consejo General Colegios Oficiales Decoradores y Dise\u00f1adores Interior"},"image":{"@id":"https:\/\/cgcoddi.org\/#\/schema\/logo\/image\/"}}]}},"_links":{"self":[{"href":"https:\/\/cgcoddi.org\/index.php\/wp-json\/wp\/v2\/pages\/149","targetHints":{"allow":["GET"]}}],"collection":[{"href":"https:\/\/cgcoddi.org\/index.php\/wp-json\/wp\/v2\/pages"}],"about":[{"href":"https:\/\/cgcoddi.org\/index.php\/wp-json\/wp\/v2\/types\/page"}],"author":[{"embeddable":true,"href":"https:\/\/cgcoddi.org\/index.php\/wp-json\/wp\/v2\/users\/1"}],"replies":[{"embeddable":true,"href":"https:\/\/cgcoddi.org\/index.php\/wp-json\/wp\/v2\/comments?post=149"}],"version-history":[{"count":10,"href":"https:\/\/cgcoddi.org\/index.php\/wp-json\/wp\/v2\/pages\/149\/revisions"}],"predecessor-version":[{"id":2609,"href":"https:\/\/cgcoddi.org\/index.php\/wp-json\/wp\/v2\/pages\/149\/revisions\/2609"}],"wp:attachment":[{"href":"https:\/\/cgcoddi.org\/index.php\/wp-json\/wp\/v2\/media?parent=149"}],"curies":[{"name":"wp","href":"https:\/\/api.w.org\/{rel}","templated":true}]}}